{"id":17,"date":"2025-08-04T04:37:23","date_gmt":"2025-08-04T04:37:23","guid":{"rendered":"https:\/\/e-cafe.ziptemplates.top\/?page_id=17"},"modified":"2026-01-20T08:57:45","modified_gmt":"2026-01-20T08:57:45","slug":"about","status":"publish","type":"page","link":"https:\/\/apartmentsanitamateo.com\/hr\/about\/","title":{"rendered":"Oko"},"content":{"rendered":"<div data-elementor-type=\"wp-page\" data-elementor-id=\"17\" class=\"elementor elementor-17\">\n\t\t\t\t<div class=\"elementor-element elementor-element-82c6631 e-flex e-con-boxed e-con e-parent\" data-id=\"82c6631\" data-element_type=\"container\" data-e-type=\"container\" data-settings=\"{&quot;background_background&quot;:&quot;classic&quot;}\">\n\t\t\t\t\t<div class=\"e-con-inner\">\n\t\t\t\t<div class=\"elementor-element elementor-element-a73f553 elementor-widget elementor-widget-text-editor\" data-id=\"a73f553\" data-element_type=\"widget\" data-e-type=\"widget\" data-widget_type=\"text-editor.default\">\n\t\t\t\t\t\t\t\t\tYour Ideal Retreat\t\t\t\t\t\t\t\t<\/div>\n\t\t\t\t<div class=\"elementor-element elementor-element-31ece62 elementor-widget elementor-widget-hfe-infocard\" data-id=\"31ece62\" data-element_type=\"widget\" data-e-type=\"widget\" data-widget_type=\"hfe-infocard.default\">\n\t\t\t\t<div class=\"elementor-widget-container\">\n\t\t\t\t\t\n\t\t<div class=\"hfe-infocard\">\n\t\t\t\t\t\t\t\t\t<div class=\"hfe-infocard-title-wrap\">\n\t\t\t\t<h1 class=\"hfe-infocard-title elementor-inline-editing\" data-elementor-setting-key=\"infocard_title\" data-elementor-inline-editing-toolbar=\"basic\" >Discover Apartments Mateo &amp; Anita<\/h1>\t\t\t<\/div>\n\t\t\t\t\t\t<div class=\"hfe-infocard-text-wrap\">\n\t\t\t\t<div class=\"hfe-infocard-text elementor-inline-editing\" data-elementor-setting-key=\"infocard_description\" data-elementor-inline-editing-toolbar=\"advanced\">\n\t\t\t\t\tNestled in the scenic Dugi Rat, our vacation rental combines comfort and stunning sea views with an exquisite dining experience in a tranquil setting.\t\t\t\t<\/div>\n\t\t\t\t\t\t\t<\/div>\n\t\t<\/div>\n\n\t\t\t\t\t\t<\/div>\n\t\t\t\t<\/div>\n\t\t\t\t\t<\/div>\n\t\t\t\t<\/div>\n\t\t<div class=\"elementor-element elementor-element-64bea16 e-flex e-con-boxed e-con e-parent\" data-id=\"64bea16\" data-element_type=\"container\" data-e-type=\"container\" data-settings=\"{&quot;background_background&quot;:&quot;classic&quot;}\">\n\t\t\t\t\t<div class=\"e-con-inner\">\n\t\t\t\t<div class=\"elementor-element elementor-element-3dcd418 elementor-widget elementor-widget-text-editor\" data-id=\"3dcd418\" data-element_type=\"widget\" data-e-type=\"widget\" data-widget_type=\"text-editor.default\">\n\t\t\t\t\t\t\t\t\tWelcome to Our Haven\t\t\t\t\t\t\t\t<\/div>\n\t\t\t\t<div class=\"elementor-element elementor-element-fa25ab4 elementor-widget elementor-widget-heading\" data-id=\"fa25ab4\" data-element_type=\"widget\" data-e-type=\"widget\" data-widget_type=\"heading.default\">\n\t\t\t\t\t<h2 class=\"elementor-heading-title elementor-size-default\">About Apartments Mateo &amp; Anita<\/h2>\t\t\t\t<\/div>\n\t\t<div class=\"elementor-element elementor-element-cacafe1 e-con-full e-flex e-con e-child\" data-id=\"cacafe1\" data-element_type=\"container\" data-e-type=\"container\">\n\t\t<div class=\"elementor-element elementor-element-641807a e-con-full e-flex e-con e-child\" data-id=\"641807a\" data-element_type=\"container\" data-e-type=\"container\">\n\t\t\t\t<div class=\"elementor-element elementor-element-16e75ab elementor-widget elementor-widget-image\" data-id=\"16e75ab\" data-element_type=\"widget\" data-e-type=\"widget\" data-widget_type=\"image.default\">\n\t\t\t\t\t\t\t\t\t\t\t\t\t\t\t<img fetchpriority=\"high\" decoding=\"async\" width=\"1024\" height=\"683\" src=\"https:\/\/apartmentsanitamateo.com\/wp-content\/uploads\/2025\/12\/0M0A9139-1024x683.jpg\" class=\"attachment-large size-large wp-image-957\" alt=\"0m0a9139\" srcset=\"https:\/\/apartmentsanitamateo.com\/wp-content\/uploads\/2025\/12\/0M0A9139-1024x683.jpg 1024w, https:\/\/apartmentsanitamateo.com\/wp-content\/uploads\/2025\/12\/0M0A9139-300x200.jpg 300w, https:\/\/apartmentsanitamateo.com\/wp-content\/uploads\/2025\/12\/0M0A9139-768x512.jpg 768w, https:\/\/apartmentsanitamateo.com\/wp-content\/uploads\/2025\/12\/0M0A9139-1536x1024.jpg 1536w, https:\/\/apartmentsanitamateo.com\/wp-content\/uploads\/2025\/12\/0M0A9139-2048x1365.jpg 2048w\" sizes=\"(max-width: 1024px) 100vw, 1024px\" \/>\t\t\t\t\t\t\t\t\t\t\t\t\t\t\t<\/div>\n\t\t\t\t<div class=\"elementor-element elementor-element-cd0c417 elementor-hidden-mobile elementor-widget elementor-widget-image\" data-id=\"cd0c417\" data-element_type=\"widget\" data-e-type=\"widget\" data-widget_type=\"image.default\">\n\t\t\t\t\t\t\t\t\t\t\t\t\t\t\t<img decoding=\"async\" width=\"1024\" height=\"682\" src=\"https:\/\/apartmentsanitamateo.com\/wp-content\/uploads\/2025\/12\/black-wooden-table-near-wall-210604-1024x682.jpeg\" class=\"attachment-large size-large wp-image-930\" alt=\"Spacious, elegantly furnished hotel room featuring a balcony with a sea view and modern amenities.\" srcset=\"https:\/\/apartmentsanitamateo.com\/wp-content\/uploads\/2025\/12\/black-wooden-table-near-wall-210604-1024x682.jpeg 1024w, https:\/\/apartmentsanitamateo.com\/wp-content\/uploads\/2025\/12\/black-wooden-table-near-wall-210604-300x200.jpeg 300w, https:\/\/apartmentsanitamateo.com\/wp-content\/uploads\/2025\/12\/black-wooden-table-near-wall-210604-768x512.jpeg 768w, https:\/\/apartmentsanitamateo.com\/wp-content\/uploads\/2025\/12\/black-wooden-table-near-wall-210604.jpeg 1280w\" sizes=\"(max-width: 1024px) 100vw, 1024px\" \/>\t\t\t\t\t\t\t\t\t\t\t\t\t\t\t<\/div>\n\t\t\t\t<\/div>\n\t\t<div class=\"elementor-element elementor-element-65ed04a e-con-full e-flex e-con e-child\" data-id=\"65ed04a\" data-element_type=\"container\" data-e-type=\"container\">\n\t\t\t\t<div class=\"elementor-element elementor-element-750c3db elementor-widget elementor-widget-text-editor\" data-id=\"750c3db\" data-element_type=\"widget\" data-e-type=\"widget\" data-widget_type=\"text-editor.default\">\n\t\t\t\t\t\t\t\t\t<p>Apartments Mateo &amp; Anita offers exquisite vacation rentals in Dugi Rat, providing guests with beautiful sea views and easy access to local attractions and beaches.<\/p>\t\t\t\t\t\t\t\t<\/div>\n\t\t\t\t<div class=\"elementor-element elementor-element-9dc1f31 elementor-widget elementor-widget-text-editor\" data-id=\"9dc1f31\" data-element_type=\"widget\" data-e-type=\"widget\" data-widget_type=\"text-editor.default\">\n\t\t\t\t\t\t\t\t\tOur apartments feature fully equipped kitchens, cozy seating areas, and a restaurant serving Mediterranean cuisine, ensuring a perfect getaway for nature lovers and relaxation seekers alike.\t\t\t\t\t\t\t\t<\/div>\n\t\t\t\t<\/div>\n\t\t\t\t<\/div>\n\t\t\t\t\t<\/div>\n\t\t\t\t<\/div>\n\t\t<div class=\"elementor-element elementor-element-50bcde5 e-flex e-con-boxed e-con e-parent\" data-id=\"50bcde5\" data-element_type=\"container\" data-e-type=\"container\">\n\t\t\t\t\t<div class=\"e-con-inner\">\n\t\t<div class=\"elementor-element elementor-element-2d488ae e-con-full e-flex e-con e-child\" data-id=\"2d488ae\" data-element_type=\"container\" data-e-type=\"container\">\n\t\t<div class=\"elementor-element elementor-element-c545b4a e-con-full e-flex e-con e-child\" data-id=\"c545b4a\" data-element_type=\"container\" data-e-type=\"container\">\n\t\t\t\t<div class=\"elementor-element elementor-element-af7cb97 elementor-widget elementor-widget-text-editor\" data-id=\"af7cb97\" data-element_type=\"widget\" data-e-type=\"widget\" data-widget_type=\"text-editor.default\">\n\t\t\t\t\t\t\t\t\tOur Journey Begins\t\t\t\t\t\t\t\t<\/div>\n\t\t\t\t<div class=\"elementor-element elementor-element-31f401d elementor-widget elementor-widget-heading\" data-id=\"31f401d\" data-element_type=\"widget\" data-e-type=\"widget\" data-widget_type=\"heading.default\">\n\t\t\t\t\t<h2 class=\"elementor-heading-title elementor-size-default\">The Story of Apartments Mateo &amp; Anita<\/h2>\t\t\t\t<\/div>\n\t\t\t\t<div class=\"elementor-element elementor-element-9c0fe78 elementor-widget elementor-widget-text-editor\" data-id=\"9c0fe78\" data-element_type=\"widget\" data-e-type=\"widget\" data-widget_type=\"text-editor.default\">\n\t\t\t\t\t\t\t\t\tFounded with a passion for hospitality, our journey started with a vision to create a welcoming retreat in the picturesque Split-Dalmatia County region.\t\t\t\t\t\t\t\t<\/div>\n\t\t\t\t<div class=\"elementor-element elementor-element-2f81162 elementor-widget elementor-widget-text-editor\" data-id=\"2f81162\" data-element_type=\"widget\" data-e-type=\"widget\" data-widget_type=\"text-editor.default\">\n\t\t\t\t\t\t\t\t\tSince our establishment, we have continuously enhanced our offerings, providing exceptional service and unforgettable experiences for our guests amidst breathtaking natural surroundings.\t\t\t\t\t\t\t\t<\/div>\n\t\t\t\t<\/div>\n\t\t<div class=\"elementor-element elementor-element-a5db9a6 e-con-full e-flex e-con e-child\" data-id=\"a5db9a6\" data-element_type=\"container\" data-e-type=\"container\">\n\t\t\t\t<div class=\"elementor-element elementor-element-622dd59 elementor-widget elementor-widget-image\" data-id=\"622dd59\" data-element_type=\"widget\" data-e-type=\"widget\" data-widget_type=\"image.default\">\n\t\t\t\t\t\t\t\t\t\t\t\t\t\t\t<img decoding=\"async\" width=\"1024\" height=\"652\" src=\"https:\/\/apartmentsanitamateo.com\/wp-content\/uploads\/2025\/12\/DJI_0371-HDR-1024x652.jpg\" class=\"attachment-large size-large wp-image-965\" alt=\"dji 0371 hdr\" srcset=\"https:\/\/apartmentsanitamateo.com\/wp-content\/uploads\/2025\/12\/DJI_0371-HDR-1024x652.jpg 1024w, https:\/\/apartmentsanitamateo.com\/wp-content\/uploads\/2025\/12\/DJI_0371-HDR-300x191.jpg 300w, https:\/\/apartmentsanitamateo.com\/wp-content\/uploads\/2025\/12\/DJI_0371-HDR-768x489.jpg 768w, https:\/\/apartmentsanitamateo.com\/wp-content\/uploads\/2025\/12\/DJI_0371-HDR-1536x978.jpg 1536w, https:\/\/apartmentsanitamateo.com\/wp-content\/uploads\/2025\/12\/DJI_0371-HDR-2048x1303.jpg 2048w\" sizes=\"(max-width: 1024px) 100vw, 1024px\" \/>\t\t\t\t\t\t\t\t\t\t\t\t\t\t\t<\/div>\n\t\t\t\t<\/div>\n\t\t\t\t<\/div>\n\t\t<div class=\"elementor-element elementor-element-117b423 e-con-full e-flex e-con e-child\" data-id=\"117b423\" data-element_type=\"container\" data-e-type=\"container\" data-settings=\"{&quot;background_background&quot;:&quot;classic&quot;}\">\n\t\t\t\t<div class=\"elementor-element elementor-element-c5826a9 elementor-widget__width-initial elementor-widget elementor-widget-counter\" data-id=\"c5826a9\" data-element_type=\"widget\" data-e-type=\"widget\" data-widget_type=\"counter.default\">\n\t\t\t\t\t\t\t<div class=\"elementor-counter\">\n\t\t\t<div class=\"elementor-counter-title\">Years Of Experience<\/div>\t\t\t<div class=\"elementor-counter-number-wrapper\">\n\t\t\t\t<span class=\"elementor-counter-number-prefix\"><\/span>\n\t\t\t\t<span class=\"elementor-counter-number\" data-duration=\"1500\" data-to-value=\"20\" data-from-value=\"0\" data-delimiter=\",\">0<\/span>\n\t\t\t\t<span class=\"elementor-counter-number-suffix\">+<\/span>\n\t\t\t<\/div>\n\t\t<\/div>\n\t\t\t\t\t\t<\/div>\n\t\t\t\t<div class=\"elementor-element elementor-element-079ac55 elementor-widget__width-initial elementor-widget elementor-widget-counter\" data-id=\"079ac55\" data-element_type=\"widget\" data-e-type=\"widget\" data-widget_type=\"counter.default\">\n\t\t\t\t\t\t\t<div class=\"elementor-counter\">\n\t\t\t<div class=\"elementor-counter-title\">Happy Guests<\/div>\t\t\t<div class=\"elementor-counter-number-wrapper\">\n\t\t\t\t<span class=\"elementor-counter-number-prefix\"><\/span>\n\t\t\t\t<span class=\"elementor-counter-number\" data-duration=\"1500\" data-to-value=\"200\" data-from-value=\"0\" data-delimiter=\",\">0<\/span>\n\t\t\t\t<span class=\"elementor-counter-number-suffix\">+<\/span>\n\t\t\t<\/div>\n\t\t<\/div>\n\t\t\t\t\t\t<\/div>\n\t\t\t\t<div class=\"elementor-element elementor-element-ff315de elementor-widget__width-initial elementor-widget elementor-widget-counter\" data-id=\"ff315de\" data-element_type=\"widget\" data-e-type=\"widget\" data-widget_type=\"counter.default\">\n\t\t\t\t\t\t\t<div class=\"elementor-counter\">\n\t\t\t<div class=\"elementor-counter-title\">Satisfaction<\/div>\t\t\t<div class=\"elementor-counter-number-wrapper\">\n\t\t\t\t<span class=\"elementor-counter-number-prefix\"><\/span>\n\t\t\t\t<span class=\"elementor-counter-number\" data-duration=\"1500\" data-to-value=\"100\" data-from-value=\"0\" data-delimiter=\",\">0<\/span>\n\t\t\t\t<span class=\"elementor-counter-number-suffix\">%<\/span>\n\t\t\t<\/div>\n\t\t<\/div>\n\t\t\t\t\t\t<\/div>\n\t\t\t\t<\/div>\n\t\t\t\t\t<\/div>\n\t\t\t\t<\/div>\n\t\t<div class=\"elementor-element elementor-element-9b0003c e-flex e-con-boxed e-con e-parent\" data-id=\"9b0003c\" data-element_type=\"container\" data-e-type=\"container\" data-settings=\"{&quot;background_background&quot;:&quot;classic&quot;}\">\n\t\t\t\t\t<div class=\"e-con-inner\">\n\t\t\t\t<div class=\"elementor-element elementor-element-3b60bfa elementor-widget elementor-widget-hfe-infocard\" data-id=\"3b60bfa\" data-element_type=\"widget\" data-e-type=\"widget\" data-widget_type=\"hfe-infocard.default\">\n\t\t\t\t<div class=\"elementor-widget-container\">\n\t\t\t\t\t\n\t\t<div class=\"hfe-infocard\">\n\t\t\t\t\t\t\t\t\t<div class=\"hfe-infocard-title-wrap\">\n\t\t\t\t<h2 class=\"hfe-infocard-title elementor-inline-editing\" data-elementor-setting-key=\"infocard_title\" data-elementor-inline-editing-toolbar=\"basic\" >Spremni za svoju avanturu?<\/h2>\t\t\t<\/div>\n\t\t\t\t\t\t<div class=\"hfe-infocard-text-wrap\">\n\t\t\t\t<div class=\"hfe-infocard-text elementor-inline-editing\" data-elementor-setting-key=\"infocard_description\" data-elementor-inline-editing-toolbar=\"advanced\">\n\t\t\t\t\tRezervirajte svoj nezaboravan boravak u apartmanima Mateo i Anita ve\u0107 danas!\t\t\t\t<\/div>\n\t\t\t\t\t\t\t<\/div>\n\t\t<\/div>\n\n\t\t\t\t\t\t<\/div>\n\t\t\t\t<\/div>\n\t\t<div class=\"elementor-element elementor-element-9c6d767 e-con-full e-flex e-con e-child\" data-id=\"9c6d767\" data-element_type=\"container\" data-e-type=\"container\">\n\t\t\t\t<div class=\"elementor-element elementor-element-2dbb691 elementor-widget elementor-widget-button\" data-id=\"2dbb691\" data-element_type=\"widget\" data-e-type=\"widget\" data-widget_type=\"button.default\">\n\t\t\t\t\t\t\t\t\t\t<a class=\"elementor-button elementor-button-link elementor-size-sm\" href=\"\/hr\/book\/\">\n\t\t\t\t\t\t<span class=\"elementor-button-content-wrapper\">\n\t\t\t\t\t\t\t\t\t<span class=\"elementor-button-text\">Rezervirajte svoj boravak<\/span>\n\t\t\t\t\t<\/span>\n\t\t\t\t\t<\/a>\n\t\t\t\t\t\t\t\t<\/div>\n\t\t\t\t<\/div>\n\t\t\t\t\t<\/div>\n\t\t\t\t<\/div>\n\t\t<div class=\"elementor-element elementor-element-14b79b9 e-flex e-con-boxed e-con e-parent\" data-id=\"14b79b9\" data-element_type=\"container\" data-e-type=\"container\">\n\t\t\t\t\t<div class=\"e-con-inner\">\n\t\t<div class=\"elementor-element elementor-element-ad35b8a e-con-full e-flex e-con e-child\" data-id=\"ad35b8a\" data-element_type=\"container\" data-e-type=\"container\">\n\t\t\t\t<div class=\"elementor-element elementor-element-487003e elementor-widget elementor-widget-text-editor\" data-id=\"487003e\" data-element_type=\"widget\" data-e-type=\"widget\" data-widget_type=\"text-editor.default\">\n\t\t\t\t\t\t\t\t\tO nama\t\t\t\t\t\t\t\t<\/div>\n\t\t\t\t<div class=\"elementor-element elementor-element-b987a2b elementor-widget elementor-widget-text-editor\" data-id=\"b987a2b\" data-element_type=\"widget\" data-e-type=\"widget\" data-widget_type=\"text-editor.default\">\n\t\t\t\t\t\t\t\t\tVa\u0161 savr\u0161en odmor \u010deka vas u apartmanima Mateo i Anita.\t\t\t\t\t\t\t\t<\/div>\n\t\t\t\t<\/div>\n\t\t<div class=\"elementor-element elementor-element-535bb12 e-con-full e-flex e-con e-child\" data-id=\"535bb12\" data-element_type=\"container\" data-e-type=\"container\">\n\t\t\t\t<div class=\"elementor-element elementor-element-1bfb7f2 elementor-widget elementor-widget-text-editor\" data-id=\"1bfb7f2\" data-element_type=\"widget\" data-e-type=\"widget\" data-widget_type=\"text-editor.default\">\n\t\t\t\t\t\t\t\t\tKontaktirajte nas\t\t\t\t\t\t\t\t<\/div>\n\t\t\t\t<div class=\"elementor-element elementor-element-f19f157 elementor-widget elementor-widget-text-editor\" data-id=\"f19f157\" data-element_type=\"widget\" data-e-type=\"widget\" data-widget_type=\"text-editor.default\">\n\t\t\t\t\t\t\t\t\t+385 91 9360 304\t\t\t\t\t\t\t\t<\/div>\n\t\t\t\t<div class=\"elementor-element elementor-element-68d26d0 elementor-widget elementor-widget-text-editor\" data-id=\"68d26d0\" data-element_type=\"widget\" data-e-type=\"widget\" data-widget_type=\"text-editor.default\">\n\t\t\t\t\t\t\t\t\t<p>mateo.brnicevic@gmail.com<\/p>\t\t\t\t\t\t\t\t<\/div>\n\t\t\t\t<div class=\"elementor-element elementor-element-e64a06f elementor-widget elementor-widget-text-editor\" data-id=\"e64a06f\" data-element_type=\"widget\" data-e-type=\"widget\" data-widget_type=\"text-editor.default\">\n\t\t\t\t\t\t\t\t\t<p>Polji\u010dka Cesta 28, 21315 Dugi Rat, Orij, Croatia<\/p>\t\t\t\t\t\t\t\t<\/div>\n\t\t\t\t<\/div>\n\t\t\t\t\t<\/div>\n\t\t\t\t<\/div>\n\t\t\t\t<\/div>","protected":false},"excerpt":{"rendered":"<p>Your Ideal Retreat Discover Apartments Mateo &amp; Anita Nestled in the scenic Dugi Rat, our vacation rental combines comfort and [&hellip;]<\/p>","protected":false},"author":3,"featured_media":0,"parent":0,"menu_order":0,"comment_status":"closed","ping_status":"closed","template":"","meta":{"site-sidebar-layout":"no-sidebar","site-content-layout":"","ast-site-content-layout":"full-width-container","site-content-style":"default","site-sidebar-style":"default","ast-global-header-display":"","ast-banner-title-visibility":"","ast-main-header-display":"","ast-hfb-above-header-display":"","ast-hfb-below-header-display":"","ast-hfb-mobile-header-display":"","site-post-title":"","ast-breadcrumbs-content":"","ast-featured-img":"disabled","footer-sml-layout":"","ast-disable-related-posts":"","theme-transparent-header-meta":"enabled","adv-header-id-meta":"","stick-header-meta":"","header-above-stick-meta":"","header-main-stick-meta":"","header-below-stick-meta":"","astra-migrate-meta-layouts":"default","ast-page-background-enabled":"default","ast-page-background-meta":{"desktop":{"background-color":"var(--ast-global-color-5)","background-image":"","background-repeat":"repeat","background-position":"center center","background-size":"auto","background-attachment":"scroll","background-type":"","background-media":"","overlay-type":"","overlay-color":"","overlay-opacity":"","overlay-gradient":""},"tablet":{"background-color":"","background-image":"","background-repeat":"repeat","background-position":"center center","background-size":"auto","background-attachment":"scroll","background-type":"","background-media":"","overlay-type":"","overlay-color":"","overlay-opacity":"","overlay-gradient":""},"mobile":{"background-color":"","background-image":"","background-repeat":"repeat","background-position":"center center","background-size":"auto","background-attachment":"scroll","background-type":"","background-media":"","overlay-type":"","overlay-color":"","overlay-opacity":"","overlay-gradient":""}},"ast-content-background-meta":{"desktop":{"background-color":"var(--ast-global-color-4)","background-image":"","background-repeat":"repeat","background-position":"center center","background-size":"auto","background-attachment":"scroll","background-type":"","background-media":"","overlay-type":"","overlay-color":"","overlay-opacity":"","overlay-gradient":""},"tablet":{"background-color":"var(--ast-global-color-4)","background-image":"","background-repeat":"repeat","background-position":"center center","background-size":"auto","background-attachment":"scroll","background-type":"","background-media":"","overlay-type":"","overlay-color":"","overlay-opacity":"","overlay-gradient":""},"mobile":{"background-color":"var(--ast-global-color-4)","background-image":"","background-repeat":"repeat","background-position":"center center","background-size":"auto","background-attachment":"scroll","background-type":"","background-media":"","overlay-type":"","overlay-color":"","overlay-opacity":"","overlay-gradient":""}},"footnotes":""},"class_list":["post-17","page","type-page","status-publish","hentry"],"_hostinger_reach_plugin_has_subscription_block":false,"_hostinger_reach_plugin_is_elementor":false,"_links":{"self":[{"href":"https:\/\/apartmentsanitamateo.com\/hr\/wp-json\/wp\/v2\/pages\/17","targetHints":{"allow":["GET"]}}],"collection":[{"href":"https:\/\/apartmentsanitamateo.com\/hr\/wp-json\/wp\/v2\/pages"}],"about":[{"href":"https:\/\/apartmentsanitamateo.com\/hr\/wp-json\/wp\/v2\/types\/page"}],"author":[{"embeddable":true,"href":"https:\/\/apartmentsanitamateo.com\/hr\/wp-json\/wp\/v2\/users\/3"}],"replies":[{"embeddable":true,"href":"https:\/\/apartmentsanitamateo.com\/hr\/wp-json\/wp\/v2\/comments?post=17"}],"version-history":[{"count":36,"href":"https:\/\/apartmentsanitamateo.com\/hr\/wp-json\/wp\/v2\/pages\/17\/revisions"}],"predecessor-version":[{"id":1320,"href":"https:\/\/apartmentsanitamateo.com\/hr\/wp-json\/wp\/v2\/pages\/17\/revisions\/1320"}],"wp:attachment":[{"href":"https:\/\/apartmentsanitamateo.com\/hr\/wp-json\/wp\/v2\/media?parent=17"}],"curies":[{"name":"wp","href":"https:\/\/api.w.org\/{rel}","templated":true}]}}